{"id":1244,"date":"2015-07-13T11:41:33","date_gmt":"2015-07-13T11:41:33","guid":{"rendered":"http:\/\/zuraltenoder.de\/\/?page_id=1244"},"modified":"2025-03-01T08:27:50","modified_gmt":"2025-03-01T07:27:50","slug":"hotel-frankfurt-oder","status":"publish","type":"page","link":"https:\/\/zuraltenoder.de\/en\/hotel-frankfurt-oder\/","title":{"rendered":"Hotel Frankfurt Oder"},"content":{"rendered":"<div class=\"sec4\">\n<h1>Hotel Frankfurt-Oder \u2013 Herzlich Willkommen im Hotel Zur Alten Oder Frankfurt<\/h1>\n<p>Unser pers\u00f6nlich gef\u00fchrtes <a title=\"Hotel in Frankfurt Oder\" href=\"http:\/\/messehotel-frankfurt-oder.de\">Hotel in Frankfurt-Oder<\/a> ist traditionsreich \u2013 und doch modern, zentral gelegen \u2013 und doch behaglich. Unser Haus Zur Alten Oder ist ein Kleinod unter den <a title=\"Hotels Frankfurt Oder\" href=\"http:\/\/zuraltenoder.de\/en\/\">Hotels Frankfurt-Oder<\/a>. Unsere kreativ gestalteten Zimmer \u00fcberzeugen mit einer Atmosph\u00e4re zum Wohlf\u00fchlen, mit unserem Service werden wir Sie verw\u00f6hnen und Ihren Aufenthalt so angenehm wie m\u00f6glich gestalten. <a title=\"Hotel Frankfurt Oder\" href=\"http:\/\/hotel-city-residence.de\">Hotel Frankfurt Oder<\/a> &#8211; Bei uns sind Sie im Zentrum Hier im Hotel Zur Alten Oder Frankfurt verbinden wir die N\u00e4he zur Stadt mit einem naturnahen Ambiente. Entspannen Sie nach einem erfolgreichen Gesch\u00e4ftstermin in einem unserer individuell gestalteten Zimmer. Genie\u00dfen Sie kulinarische Erlebnisse in unserem gem\u00fctlichen Restaurant und lassen Sie den Tag an unserer Bar ausklingen. Erleben Sie Frankfurt-Oder von seiner sch\u00f6nsten Seite: In wenigen Minuten flanieren Sie \u00fcber unseren wundersch\u00f6nen Anger oder \u00fcber die Halbinsel Ziegenwerder in die Frankfurter Stadtmitte.<\/p>\n<p>Unsere Vision ist Ihre Zufriedenheit. Mit professionellem Anspruch und hoher Qualit\u00e4t in allen Bereichen machen wir Ihren Aufenthalt in unserem Hotel Frankfurt-Oder zu einem Erlebnis. Parken Sie am Haus und nutzen Sie unser W-LAN. Frankfurt-Oder hei\u00dft Sie willkommen!<\/p>\n<p><strong>Ihre Vorteile <\/strong><\/p>\n<ul style=\"list-style: none; line-height: 2;\">\n<li>* Kostenloses WLAN im ganzen Hotel<\/li>\n<li>* Kostenfreie Parkpl\u00e4tze<\/li>\n<li>* Schallschutz-Fenster<\/li>\n<li>* Satellitenempfang<\/li>\n<li>* Tageszeitung<\/li>\n<li><\/li>\n<\/ul>\n<p>Wir freuen uns auf Ihren Besuch!<br \/>\nYour team from Hotel Zur Alten Oder Frankfurt<\/p>\n<\/div>\n<p style=\"text-align: center;\"><a class=\"button_homp\" href=\"http:\/\/zuraltenoder.de\/en\/buchung\/\"><img decoding=\"async\" class=\"alignnone size-full wp-image-1195\" src=\"http:\/\/zuraltenoder.de\/wp-content\/uploads\/2015\/07\/btn.png\" alt=\"btn\" width=\"220\" height=\"101\" \/><br \/>\n<\/a><\/p>","protected":false},"excerpt":{"rendered":"<p>Hotel Frankfurt-Oder \u2013 Herzlich Willkommen im Hotel Zur Alten Oder Frankfurt Unser pers\u00f6nlich gef\u00fchrtes Hotel in Frankfurt-Oder ist traditionsreich \u2013 und doch modern, zentral gelegen \u2013 und doch behaglich. Unser Haus Zur Alten Oder ist ein Kleinod unter den Hotels Frankfurt-Oder. Unsere kreativ gestalteten Zimmer \u00fcberzeugen mit einer Atmosph\u00e4re zum Wohlf\u00fchlen, mit unserem Service werden [&hellip;]<\/p>","protected":false},"author":1,"featured_media":0,"parent":0,"menu_order":0,"comment_status":"closed","ping_status":"closed","template":"homepage.php","meta":{"footnotes":""},"class_list":["post-1244","page","type-page","status-publish"],"_links":{"self":[{"href":"https:\/\/zuraltenoder.de\/en\/wp-json\/wp\/v2\/pages\/1244","targetHints":{"allow":["GET"]}}],"collection":[{"href":"https:\/\/zuraltenoder.de\/en\/wp-json\/wp\/v2\/pages"}],"about":[{"href":"https:\/\/zuraltenoder.de\/en\/wp-json\/wp\/v2\/types\/page"}],"author":[{"embeddable":true,"href":"https:\/\/zuraltenoder.de\/en\/wp-json\/wp\/v2\/users\/1"}],"replies":[{"embeddable":true,"href":"https:\/\/zuraltenoder.de\/en\/wp-json\/wp\/v2\/comments?post=1244"}],"version-history":[{"count":1,"href":"https:\/\/zuraltenoder.de\/en\/wp-json\/wp\/v2\/pages\/1244\/revisions"}],"predecessor-version":[{"id":3226,"href":"https:\/\/zuraltenoder.de\/en\/wp-json\/wp\/v2\/pages\/1244\/revisions\/3226"}],"wp:attachment":[{"href":"https:\/\/zuraltenoder.de\/en\/wp-json\/wp\/v2\/media?parent=1244"}],"curies":[{"name":"wp","href":"https:\/\/api.w.org\/{rel}","templated":true}]}}