{"id":1983,"date":"2017-12-27T10:07:36","date_gmt":"2017-12-27T10:07:36","guid":{"rendered":"http:\/\/zuraltenoder.de\/?page_id=1983"},"modified":"2025-05-15T19:28:15","modified_gmt":"2025-05-15T17:28:15","slug":"impressum-hotel-zur-alten-oder-frankfurt","status":"publish","type":"page","link":"https:\/\/zuraltenoder.de\/en\/impressum-hotel-zur-alten-oder-frankfurt\/","title":{"rendered":"Imprint"},"content":{"rendered":"<div class=\"sec3\">\n<h1>Imprint<\/h1>\n<p>Der Internetserver zuraltenoder.de ist ein Dienst der Residenz Am Park Hotel Frankfurt (Oder) Betriebs GmbH<\/p>\n<p>Hotel address:<br \/>\nHotel Zur Alten Oder Frankfurt<br \/>\nFischerstra\u00dfe 32<br \/>\nD-15230 Frankfurt (Oder)<\/p>\n<p>Telefon: +49 335 556 220<br \/>\nFax: +49 335 556 22 28<br \/>\nE-Mail: info[at]zuraltenoder.de<\/p>\n<p>&nbsp;<\/p>\n<p>Operating Company:<br \/>\nResidenz Am Park Hotel Frankfurt (Oder) Betriebs GmbH<br \/>\nFischerstra\u00dfe 32<br \/>\nD-15230 Frankfurt (Oder)<\/p>\n<p>Telefon: +49 335 556 220<br \/>\nE-Mail: info[at]zuraltenoder.de<\/p>\n<p>Represented By:<br \/>\nMr Javaid Mohammed<\/p>\n<p>Sales tax identification number:<br \/>\nDE361060717<\/p>\n<p>Register &amp; Register number:<br \/>\nAmtsgericht Frankfurt (Oder)<br \/>\nHRB 18987 FF<\/p>\n<p>Supervisory Authority:<br \/>\nStadtverwaltung Frankfurt (Oder)<\/p>\n<p>&nbsp;<\/p>\n<p>Data Protection Officer:<br \/>\nResidenz Am Park Hotel Frankfurt (Oder) Betriebs GmbH<br \/>\nFischerstra\u00dfe 32<br \/>\nD-15230 Frankfurt (Oder)<\/p>\n<p>Telefon: +49 335 556 220<br \/>\nE-Mail: info[at]zuraltenoder.de<\/p>\n<p>Data protection notice: If you use e-mail to send us inquiries, your details from the e-mail, in particular the contact details you provided there, will be stored by us for the purpose of processing your inquiry and in the event of further questions. This data will not be passed on to third parties without your consent. <a href=\"\/en\/datenschutz\/\">Privacy policy<\/a><\/p>\n<p>&nbsp;<\/p>\n<p>Person responsible for journalistic-editorial texts:<br \/>\nMr Javaid Mohammed<\/p>\n<p>&nbsp;<\/p>\n<h1>Platform of the EU Commission for online dispute resolution<\/h1>\n<p>The EU Commission provides a platform for out-of-court dispute resolution. This gives consumers the opportunity to initially settle disputes in connection with their online order out of court.<br \/>\nThe dispute resolution platform can be found here: <a href=\"https:\/\/ec.europa.eu\/consumers\/odr\/\" target=\"_blank\" rel=\"noopener noreferrer\">ec.europa.eu\/consumers\/odr<\/a><\/p>\n<p>Our e-mail for consumer complaints is: info[at]zuraltenoder.de<\/p>\n<p>&nbsp;<\/p>\n<h1>Liability for ccontent<\/h1>\n<p>Als Diensteanbieter sind wir f\u00fcr eigene Inhalte auf diesen Seiten nach den allgemeinen Gesetzen verantwortlich. Wir sind als Diensteanbieter jedoch nicht verpflichtet, \u00fcbermittelte oder gespeicherte fremde Informationen zu \u00fcberwachen oder nach Umst\u00e4nden zu forschen, die auf eine rechtswidrige T\u00e4tigkeit hinweisen.<br \/>\nObligations to remove or block the use of information according to general laws remain unaffected. However, liability in this regard is only possible from the point in time at which knowledge of a specific infringement of the law is known. As soon as we become aware of any violations of the law, we will remove this content immediately.<\/p>\n<p>&nbsp;<\/p>\n<h1>Liability for Links<\/h1>\n<p>Our offer contains links to external third-party websites, the content of which we have no influence on. Therefore we cannot assume any liability for this external content. The respective provider or operator of the pages is always responsible for the content of the linked pages. The linked pages were checked for possible legal violations at the time of linking. Illegal content was not recognizable at the time of linking.<br \/>\nHowever, a permanent control of the content of the linked pages is not reasonable without concrete evidence of an infringement. As soon as we become aware of legal violations, we will remove such links immediately.<\/p>\n<p>&nbsp;<\/p>\n<h1>Copyright<\/h1>\n<p>The content and works on these pages created by the site operators are subject to German copyright law. The duplication, editing, distribution and any kind of exploitation outside the limits of copyright require the written consent of the respective author or creator. Downloads and copies of this site are only permitted for private, non-commercial use.<br \/>\nInsofar as the content on this site was not created by the operator, the copyrights of third parties are observed. In particular contents of third parties are marked as such. Should you nevertheless become aware of a copyright infringement, we ask that you inform us accordingly. As soon as we become aware of legal violations, we will remove such content immediately.<\/p>\n<p>&nbsp;<\/p>\n<\/div>","protected":false},"excerpt":{"rendered":"<p>Impressum Der Internetserver zuraltenoder.de ist ein Dienst der Residenz Am Park Hotel Frankfurt (Oder) Betriebs GmbH Hotelanschrift: Hotel Zur Alten Oder Frankfurt Fischerstra\u00dfe 32 D-15230 Frankfurt (Oder) Telefon: +49 335 556 220 Fax: +49 335 556 22 28 E-Mail: info[at]zuraltenoder.de &nbsp; Betreibergesellschaft: Residenz Am Park Hotel Frankfurt (Oder) Betriebs GmbH Fischerstra\u00dfe 32 D-15230 Frankfurt (Oder) [&hellip;]<\/p>","protected":false},"author":1,"featured_media":0,"parent":0,"menu_order":0,"comment_status":"closed","ping_status":"closed","template":"homepage.php","meta":{"footnotes":""},"class_list":["post-1983","page","type-page","status-publish"],"_links":{"self":[{"href":"https:\/\/zuraltenoder.de\/en\/wp-json\/wp\/v2\/pages\/1983","targetHints":{"allow":["GET"]}}],"collection":[{"href":"https:\/\/zuraltenoder.de\/en\/wp-json\/wp\/v2\/pages"}],"about":[{"href":"https:\/\/zuraltenoder.de\/en\/wp-json\/wp\/v2\/types\/page"}],"author":[{"embeddable":true,"href":"https:\/\/zuraltenoder.de\/en\/wp-json\/wp\/v2\/users\/1"}],"replies":[{"embeddable":true,"href":"https:\/\/zuraltenoder.de\/en\/wp-json\/wp\/v2\/comments?post=1983"}],"version-history":[{"count":9,"href":"https:\/\/zuraltenoder.de\/en\/wp-json\/wp\/v2\/pages\/1983\/revisions"}],"predecessor-version":[{"id":3266,"href":"https:\/\/zuraltenoder.de\/en\/wp-json\/wp\/v2\/pages\/1983\/revisions\/3266"}],"wp:attachment":[{"href":"https:\/\/zuraltenoder.de\/en\/wp-json\/wp\/v2\/media?parent=1983"}],"curies":[{"name":"wp","href":"https:\/\/api.w.org\/{rel}","templated":true}]}}