{"id":2396,"date":"2019-08-22T12:38:11","date_gmt":"2019-08-22T10:38:11","guid":{"rendered":"http:\/\/zuraltenoder.de\/?page_id=2396"},"modified":"2025-05-15T19:07:41","modified_gmt":"2025-05-15T17:07:41","slug":"ferienwohnung","status":"publish","type":"page","link":"https:\/\/zuraltenoder.de\/en\/ferienwohnung\/","title":{"rendered":"Holiday Apartment"},"content":{"rendered":"<div style=\"padding-top: 70px;\">\n<div id=\"midd_div\">\n<h1>\u00a0Apartment Am Park \u2013 Frankfurt-Oder<\/h1>\n<h2 style=\"text-align: center;\">Welcome,<\/h2>\n<p>we hope you have an unforgettable stay!<\/p>\n<div class=\"slide_rest\" style=\"padding: 30px;\"><div id=\"metaslider-id-2961\" style=\"width: 100%; margin: 0 auto;\" class=\"ml-slider-3-102-0 metaslider metaslider-flex metaslider-2961 ml-slider ms-theme-default nav-hidden\" role=\"region\" aria-label=\"Fewo 1\" data-height=\"480\" data-width=\"640\">\n    <div id=\"metaslider_container_2961\">\n        <div id=\"metaslider_2961\">\n            <ul class='slides'>\n                <li style=\"display: block; width: 100%;\" class=\"slide-2976 ms-image\" aria-roledescription=\"slide\" data-date=\"2023-02-18 18:31:16\" data-slide-type=\"image\"><img fetchpriority=\"high\" decoding=\"async\" src=\"https:\/\/zuraltenoder.de\/wp-content\/uploads\/2023\/02\/HotelZurAltenOderFrankfurt-Ferienwohnung-768x1024-1-640x480.jpg\" height=\"480\" width=\"640\" alt=\"\" class=\"slider-2961 slide-2976 msDefaultImage\" title=\"HotelZurAltenOderFrankfurt-Ferienwohnung-768x1024-1\" \/><\/li>\n                <li style=\"display: none; width: 100%;\" class=\"slide-2978 ms-image\" aria-roledescription=\"slide\" data-date=\"2023-02-18 18:31:18\" data-slide-type=\"image\"><img decoding=\"async\" src=\"https:\/\/zuraltenoder.de\/wp-content\/uploads\/2023\/02\/HotelZurAltenOderFrankfurt-Ferienwohnung-1024x768-2-640x480.jpg\" height=\"480\" width=\"640\" alt=\"\" class=\"slider-2961 slide-2978 msDefaultImage\" title=\"HotelZurAltenOderFrankfurt-Ferienwohnung-1024x768-2\" \/><\/li>\n                <li style=\"display: none; width: 100%;\" class=\"slide-2979 ms-image\" aria-roledescription=\"slide\" data-date=\"2023-02-18 18:31:19\" data-slide-type=\"image\"><img decoding=\"async\" src=\"https:\/\/zuraltenoder.de\/wp-content\/uploads\/2023\/02\/HotelZurAltenOderFrankfurt-Ferienwohnung-1024x768-3-640x480.jpg\" height=\"480\" width=\"640\" alt=\"\" class=\"slider-2961 slide-2979 msDefaultImage\" title=\"HotelZurAltenOderFrankfurt-Ferienwohnung-1024x768-3\" \/><\/li>\n                <li style=\"display: none; width: 100%;\" class=\"slide-2980 ms-image\" aria-roledescription=\"slide\" data-date=\"2023-02-18 18:31:20\" data-slide-type=\"image\"><img loading=\"lazy\" decoding=\"async\" src=\"https:\/\/zuraltenoder.de\/wp-content\/uploads\/2023\/02\/HotelZurAltenOderFrankfurt-Ferienwohnung-1024x768-4-640x480.jpg\" height=\"480\" width=\"640\" alt=\"\" class=\"slider-2961 slide-2980 msDefaultImage\" title=\"HotelZurAltenOderFrankfurt-Ferienwohnung-1024x768-4\" \/><\/li>\n            <\/ul>\n        <\/div>\n        \n    <\/div>\n<\/div><\/div>\n<h3><strong>Relaxation with style and class.<\/strong><\/h3>\n<div style=\"text-align: center;\">\n<p>If you wish, you can enjoy our rich, appetizing breakfast buffet in the Hotel Zur Alten Oder. You can feel good everywhere. Our friendly and personal service will convince you.<\/p>\n<p>DETAILS ABOUT OUR<\/p>\n<h2>APARTMENT<\/h2>\n<p>Our apartment is located in the park \"Am Anger\" in Frankfurt (Oder) directly on the Oder-Neisse cycle path and the island of Ziegenwerder - directly on the Oder.<\/p>\n<p>Obvious and worthwhile excursion destinations are the Scharmutzel - See with the spa town of Bad Saarow, the Helenesee or the Spreewald with the cities of L\u00fcbben or L\u00fcbbenau.<\/p>\n<\/div>\n<div style=\"text-align: center;\">\n<p><span class=\"sub-title\">Apartment Sophie \u2013 48 m\u00b2<\/span>Large double bed (1.60 x 2.00 m) possibility of an extra bed in the living area, bathroom with bathtub - large living room with dining table - kitchen with stove and oven, extractor hood, microwave, refrigerator with 3*** compartment, coffee machine and kettle.<\/p>\n<p>The bedrooms are located on the quiet side of the garden. Non-smoking apartment.<\/p>\n<\/div>\n<\/div>\n<h2>Visit us in Frankfurt (Oder)!<\/h2>\n<div class=\"row-fluid bgWhite\">\n<p><!--TYPO3SEARCH_begin--><\/p>\n<div class=\"span4\">\n<div class=\"subHeader\">\n<h3><a href=\"https:\/\/zuraltenoder.de\/en\/restaurant\/\">Restaurant<\/a><\/h3>\n<\/div>\n<div class=\"imageBox\">\n<figure><a href=\"http:\/\/zuraltenoder.de\/en\/restaurant\/\"><img loading=\"lazy\" decoding=\"async\" class=\"alignnone wp-image-1733 size-full\" src=\"http:\/\/zuraltenoder.de\/wp-content\/uploads\/2013\/08\/rsz_1zur_alten_oder_15_von_35.jpg\" alt=\"Hotel-Frankfurt-Oder\" width=\"330\" height=\"170\" srcset=\"https:\/\/zuraltenoder.de\/wp-content\/uploads\/2013\/08\/rsz_1zur_alten_oder_15_von_35.jpg 330w, https:\/\/zuraltenoder.de\/wp-content\/uploads\/2013\/08\/rsz_1zur_alten_oder_15_von_35-300x155.jpg 300w, https:\/\/zuraltenoder.de\/wp-content\/uploads\/2013\/08\/rsz_1zur_alten_oder_15_von_35-320x165.jpg 320w\" sizes=\"(max-width: 330px) 100vw, 330px\" \/><\/a><\/figure>\n<\/div>\n<p><!-- END .imageBox --><\/p>\n<div class=\"textBox\">\n<h4>a traditional tavern in the<br \/>\nmiddle of Frankfurt-Oder<\/h4>\n<p><a class=\"more\" href=\"https:\/\/zuraltenoder.de\/en\/restaurant\/\" target=\"_blank\" rel=\"noopener noreferrer\">Learn More<\/a><\/p>\n<\/div>\n<p><!--END .postTextBox --><\/p>\n<\/div>\n<p><!--END .span4 --><\/p>\n<div class=\"span4\">\n<div class=\"subHeader\">\n<h3><a class=\"internal-link\" href=\"http:\/\/zuraltenoder.de\/en\/zimmer\/\">Hotel<\/a><\/h3>\n<\/div>\n<div class=\"imageBox\">\n<figure><a class=\"internal-link\" href=\"http:\/\/zuraltenoder.de\/en\/zimmer\/\"><img loading=\"lazy\" decoding=\"async\" class=\"alignnone\" style=\"width: 329px; height: 170px;\" src=\"http:\/\/zuraltenoder.de\/wp-content\/uploads\/2018\/04\/hotel_zuraltenoder_doppelzimmer_comfort_1.jpg\" alt=\"Hotels Frankfurt-Oder\" width=\"1208\" height=\"550\" \/><\/a><\/figure>\n<\/div>\n<p><!-- END .imageBox --><\/p>\n<div class=\"textBox\">\n<h4>Not in your own four walls and still feel at home!<\/h4>\n<p><a class=\"more\" href=\"http:\/\/zuraltenoder.de\/en\/zimmer\/\" target=\"_blank\" rel=\"noopener noreferrer\">Learn More<\/a><\/p>\n<\/div>\n<p><!--END .postTextBox --><\/p>\n<\/div>\n<p><!--END .span4 --><\/p>\n<div class=\"span4\">\n<div class=\"subHeader\">\n<h3><a class=\"internal-link\" href=\"http:\/\/zuraltenoder.de\/en\/events-tagungen\/\"> Events | Catering<\/a><\/h3>\n<\/div>\n<div class=\"imageBox\">\n<figure><a href=\"http:\/\/zuraltenoder.de\/en\/events-tagungen\/\"><img loading=\"lazy\" decoding=\"async\" class=\"alignnone wp-image-1740 size-full\" src=\"http:\/\/zuraltenoder.de\/wp-content\/uploads\/2013\/08\/rsz_zur_alten_oder_10_von_35.jpg\" alt=\"Hotel-Frankfurt-Oder\" width=\"330\" height=\"170\" srcset=\"https:\/\/zuraltenoder.de\/wp-content\/uploads\/2013\/08\/rsz_zur_alten_oder_10_von_35.jpg 330w, https:\/\/zuraltenoder.de\/wp-content\/uploads\/2013\/08\/rsz_zur_alten_oder_10_von_35-300x155.jpg 300w, https:\/\/zuraltenoder.de\/wp-content\/uploads\/2013\/08\/rsz_zur_alten_oder_10_von_35-320x165.jpg 320w\" sizes=\"(max-width: 330px) 100vw, 330px\" \/><\/a><\/figure>\n<\/div>\n<p><!-- END .imageBox --><\/p>\n<div class=\"textBox\">\n<h4>Your celebration is just as individual<br \/>\nwie Sie!<\/h4>\n<p><a class=\"more\" href=\"http:\/\/zuraltenoder.de\/en\/events-tagungen\/\" target=\"_blank\" rel=\"noopener noreferrer\">Learn More<\/a><\/p>\n<\/div>\n<p><!--END .postTextBox --><\/p>\n<\/div>\n<p><!--END .span4 --><br \/>\n<!--TYPO3SEARCH_end--><\/p>\n<p style=\"text-align: center;\"><a class=\"button_homp\" href=\"http:\/\/zuraltenoder.de\/en\/buchung\/\"><img loading=\"lazy\" decoding=\"async\" class=\"alignnone size-full wp-image-1195\" src=\"http:\/\/zuraltenoder.de\/wp-content\/uploads\/2015\/07\/btn.png\" alt=\"Hotels-Frankfurt-Oder\" width=\"220\" height=\"101\" \/><br \/>\n<\/a><\/p>\n<\/div>\n<\/div>","protected":false},"excerpt":{"rendered":"<p>\u00a0Ferienwohnung Am Park \u2013 Frankfurt-Oder Herzlich Willkommen, wir hoffen, Sie haben einen unvergesslichen Aufenthalt! Erholung mit Stil und Niveau. Auf Wunsch genie\u00dfen Sie unser reichhaltiges appetitliches Fr\u00fchst\u00fccksbuffet im Hotel Zur Alten Oder. \u00dcberall k\u00f6nnen Sie sich wohlf\u00fchlen.\u00a0Unser liebensw\u00fcrdiger und pers\u00f6nlicher Service wird Sie \u00fcberzeugen. DETAILS \u00dcBER UNSERE FERIENWOHNUNG Unsere Ferienwohnung liegt an der Parkanlage \u201eAm [&hellip;]<\/p>","protected":false},"author":1,"featured_media":0,"parent":0,"menu_order":0,"comment_status":"closed","ping_status":"closed","template":"homepage.php","meta":{"footnotes":""},"class_list":["post-2396","page","type-page","status-publish"],"_links":{"self":[{"href":"https:\/\/zuraltenoder.de\/en\/wp-json\/wp\/v2\/pages\/2396","targetHints":{"allow":["GET"]}}],"collection":[{"href":"https:\/\/zuraltenoder.de\/en\/wp-json\/wp\/v2\/pages"}],"about":[{"href":"https:\/\/zuraltenoder.de\/en\/wp-json\/wp\/v2\/types\/page"}],"author":[{"embeddable":true,"href":"https:\/\/zuraltenoder.de\/en\/wp-json\/wp\/v2\/users\/1"}],"replies":[{"embeddable":true,"href":"https:\/\/zuraltenoder.de\/en\/wp-json\/wp\/v2\/comments?post=2396"}],"version-history":[{"count":9,"href":"https:\/\/zuraltenoder.de\/en\/wp-json\/wp\/v2\/pages\/2396\/revisions"}],"predecessor-version":[{"id":3264,"href":"https:\/\/zuraltenoder.de\/en\/wp-json\/wp\/v2\/pages\/2396\/revisions\/3264"}],"wp:attachment":[{"href":"https:\/\/zuraltenoder.de\/en\/wp-json\/wp\/v2\/media?parent=2396"}],"curies":[{"name":"wp","href":"https:\/\/api.w.org\/{rel}","templated":true}]}}