{"id":579,"date":"2015-06-17T07:11:19","date_gmt":"2015-06-17T07:11:19","guid":{"rendered":"http:\/\/zuraltenoder.de\/\/?page_id=579"},"modified":"2025-03-01T08:27:10","modified_gmt":"2025-03-01T07:27:10","slug":"geschichte","status":"publish","type":"page","link":"https:\/\/zuraltenoder.de\/en\/geschichte\/","title":{"rendered":"Story"},"content":{"rendered":"<div class=\"sec3\">\n<h1>Das Geb\u00e4ude des Hotel Zur Alten Oder<br \/>\n\u00fcber 100 Jahre Geschichte<\/h1>\n<p>&nbsp;<\/p>\n<p><img decoding=\"async\" class=\"aligncenter\" style=\"display: block; border: 0px;\" title=\"Hotel Zur Alten Oder,ca. 1868 , Frankfurt(Oder)\" src=\"http:\/\/zuraltenoder.de\/wp-content\/uploads\/2015\/06\/ge.jpg\" alt=\"Hotel Zur Alten Oder,ca. 1868 , Frankfurt(Oder)\" width=\"100%\" \/><\/p>\n<p>Im Laufe der Zeit durchlebte das Geb\u00e4ude des heutigen 3-Sterne-Hotels An der Alten Oder verschiedene funktionale Wandlungen.<br \/>\nHere you will find some key data on the lively history of our building:<\/p>\n<div id=\"CM14424d2d7134a8f215ec947d_div\">\n<table id=\"CM14424d2d7134a8f215ec947d\" class=\"cm_table\">\n<tbody class=\"cm_table\">\n<tr class=\"cm_table cm_firstrow\">\n<td class=\"cm_table cm_firstcol\">1840<\/td>\n<td class=\"cm_table\">In the \"Situation plan for the leveling of all streets in the city\", created around 1840, there is the oldest indication of Fischerstra\u00dfe 32.<\/td>\n<td class=\"cm_table cm_lastcol\"><\/td>\n<\/tr>\n<tr class=\"cm_table\">\n<td class=\"cm_table cm_firstcol\">1874<\/td>\n<td class=\"cm_table\">Company foundation \"Aug. Schimpke &amp; Son. Kiln, Pottery &amp; Glaze Factory was the first factory on this property and existed for 32 years.<\/td>\n<td class=\"cm_table cm_lastcol\"><\/td>\n<\/tr>\n<tr class=\"cm_table\">\n<td class=\"cm_table cm_firstcol\">1886<\/td>\n<td class=\"cm_table\">A fire broke out earlier this year. When rebuilding the factory buildings destroyed by fire, the authorities insisted on compliance with the safety distances prescribed by the building authorities and the erection of solid firewalls.<\/td>\n<td class=\"cm_table cm_lastcol\"><\/td>\n<\/tr>\n<tr class=\"cm_table\">\n<td class=\"cm_table cm_firstcol\">1905<\/td>\n<td class=\"cm_table\">For a short time, the company Treuherz und Pritsche continued the kiln and pottery production.<\/td>\n<td class=\"cm_table cm_lastcol\"><\/td>\n<\/tr>\n<tr class=\"cm_table\">\n<td class=\"cm_table cm_firstcol\">1907<\/td>\n<td class=\"cm_table\">Founding of the company \u201cFrankfurter M\u00f6bel-Fabrik Spezialt\u00e4t\u201d for box furniture and bedrooms.<br \/>\nDiese Firma exitierte 14 Jahre.<\/td>\n<td class=\"cm_table cm_lastcol\"><\/td>\n<\/tr>\n<tr class=\"cm_table\">\n<td class=\"cm_table cm_firstcol\">1919<\/td>\n<td class=\"cm_table\">Master builder Oskar K\u00f6hn acquires the property and applies for approval for extensive conversion work. There were installations and conversions for the new function as a carpentry shop.<\/td>\n<td class=\"cm_table cm_lastcol\"><\/td>\n<\/tr>\n<tr class=\"cm_table\">\n<td class=\"cm_table cm_firstcol\">1921<\/td>\n<td class=\"cm_table\">Tischendorf and Schirm acquired the factory that had been converted by K\u00f6hn and continued to run it as the \"Frankfurt woodworking factory\".<\/td>\n<td class=\"cm_table cm_lastcol\"><\/td>\n<\/tr>\n<tr class=\"cm_table\">\n<td class=\"cm_table cm_firstcol\">1929<\/td>\n<td class=\"cm_table\">The building complex was named \u201cFrankfurt woodworking factory Preul &amp; Hoyer SPEZIALFABRIK for windows and doors with hardware.<\/td>\n<td class=\"cm_table cm_lastcol\"><\/td>\n<\/tr>\n<tr class=\"cm_table\">\n<td class=\"cm_table cm_firstcol\">1934<\/td>\n<td class=\"cm_table\">On behalf of Messrs. Preul &amp; Hoyer, a building application is submitted, the content of which deals with the expansion of apartments. The use as a residential building is sealed.<\/td>\n<td class=\"cm_table cm_lastcol\"><\/td>\n<\/tr>\n<tr class=\"cm_table\">\n<td class=\"cm_table cm_firstcol\">1985<\/td>\n<td class=\"cm_table\">On behalf of the VEB building management, a test report is prepared by the state building inspection, which certifies a very questionable building condition. The apartment building is soon no longer habitable and left to decay.<\/td>\n<td class=\"cm_table cm_lastcol\"><\/td>\n<\/tr>\n<tr class=\"cm_table\">\n<td class=\"cm_table cm_firstcol\">1989<\/td>\n<td class=\"cm_table\">The Reinhold family from Reutlingen applies for conversion into a carpentry shop. This is not given due to the noise pollution. So they decide to convert it into a hotel, which was then run by the family until 1995.<\/td>\n<td class=\"cm_table cm_lastcol\"><\/td>\n<\/tr>\n<tr class=\"cm_table cm_lastrow\">\n<td class=\"cm_table cm_firstcol\">1995<\/td>\n<td class=\"cm_table\">Takeover of the hotel \"Zur Alten Oder\" by Schneider &amp; Kohn GBR. The Kohn family, as owners, has been running the hotel very successfully and with great commitment to this day.<\/td>\n<td class=\"cm_table cm_lastcol\"><\/td>\n<\/tr>\n<\/tbody>\n<\/table>\n<\/div>\n<\/div>","protected":false},"excerpt":{"rendered":"<p>Das Geb\u00e4ude des Hotel Zur Alten Oder \u00fcber 100 Jahre Geschichte &nbsp; Im Laufe der Zeit durchlebte das Geb\u00e4ude des heutigen 3-Sterne-Hotels An der Alten Oder verschiedene funktionale Wandlungen. Hier finden Sie einige Eckdaten zur lebhaften Geschichte unseres Geb\u00e4ude: 1840 Im \u201eSituations-Plan zum Nivellement s\u00e4mtlicher Stra\u00dfen der Stadt\u201c, erstellt um 1840, findet sich die bisher [&hellip;]<\/p>","protected":false},"author":1,"featured_media":0,"parent":0,"menu_order":0,"comment_status":"open","ping_status":"open","template":"homepage.php","meta":{"footnotes":""},"class_list":["post-579","page","type-page","status-publish"],"_links":{"self":[{"href":"https:\/\/zuraltenoder.de\/en\/wp-json\/wp\/v2\/pages\/579","targetHints":{"allow":["GET"]}}],"collection":[{"href":"https:\/\/zuraltenoder.de\/en\/wp-json\/wp\/v2\/pages"}],"about":[{"href":"https:\/\/zuraltenoder.de\/en\/wp-json\/wp\/v2\/types\/page"}],"author":[{"embeddable":true,"href":"https:\/\/zuraltenoder.de\/en\/wp-json\/wp\/v2\/users\/1"}],"replies":[{"embeddable":true,"href":"https:\/\/zuraltenoder.de\/en\/wp-json\/wp\/v2\/comments?post=579"}],"version-history":[{"count":2,"href":"https:\/\/zuraltenoder.de\/en\/wp-json\/wp\/v2\/pages\/579\/revisions"}],"predecessor-version":[{"id":3225,"href":"https:\/\/zuraltenoder.de\/en\/wp-json\/wp\/v2\/pages\/579\/revisions\/3225"}],"wp:attachment":[{"href":"https:\/\/zuraltenoder.de\/en\/wp-json\/wp\/v2\/media?parent=579"}],"curies":[{"name":"wp","href":"https:\/\/api.w.org\/{rel}","templated":true}]}}