{"id":88,"date":"2015-06-09T11:34:04","date_gmt":"2015-06-09T11:34:04","guid":{"rendered":"http:\/\/zuraltenoder.de\/\/?page_id=88"},"modified":"2025-03-01T08:37:50","modified_gmt":"2025-03-01T07:37:50","slug":"zimmer","status":"publish","type":"page","link":"https:\/\/zuraltenoder.de\/en\/zimmer\/","title":{"rendered":"Rooms &amp; Prices"},"content":{"rendered":"<p>&nbsp;<\/p>\n<h1 style=\"text-align: center;\">Willkommen im Residenz Am Park HOTEL Frankfurt-Oder | Hotel Zur Alten Oder Frankfurt<br \/>\nUnsere Hotelzimmer, \u2026jedes ist individuell<\/h1>\n<p>&nbsp;<\/p>\n<div class=\"slide_rest\" style=\"position: relative;\"><div id=\"metaslider-id-2947\" style=\"width: 100%; margin: 0 auto;\" class=\"ml-slider-3-102-0 metaslider metaslider-flex metaslider-2947 ml-slider ms-theme-default nav-hidden\" role=\"region\" aria-label=\"Zimmer 1\" data-height=\"480\" data-width=\"640\">\n    <div id=\"metaslider_container_2947\">\n        <div id=\"metaslider_2947\">\n            <ul class='slides'>\n                <li style=\"display: block; width: 100%;\" class=\"slide-2950 ms-image\" aria-roledescription=\"slide\" data-date=\"2023-02-18 18:06:01\" data-slide-type=\"image\"><img fetchpriority=\"high\" decoding=\"async\" src=\"https:\/\/zuraltenoder.de\/wp-content\/uploads\/2018\/04\/hotel_zuraltenoder_doppelzimmer_comfort_3pers_2-640x480.jpg\" height=\"480\" width=\"640\" alt=\"Komfort-Doppelzimmer f\u00fcr 3 Personen im Hotel Zur Alten Oder in 15230 Frankfurt\/Oder\" class=\"slider-2947 slide-2950 msDefaultImage\" title=\"hotel_zuraltenoder_doppelzimmer_comfort_3pers_2\" \/><\/li>\n                <li style=\"display: none; width: 100%;\" class=\"slide-2948 ms-image\" aria-roledescription=\"slide\" data-date=\"2023-02-18 18:05:58\" data-slide-type=\"image\"><img decoding=\"async\" src=\"https:\/\/zuraltenoder.de\/wp-content\/uploads\/2018\/04\/hotel_zuraltenoder_einzelzimmer_comfort_2-640x480.jpg\" height=\"480\" width=\"640\" alt=\"Komfort-Einzelzimmer im Hotel Zur Alten Oder in 15230 Frankfurt\/Oder\" class=\"slider-2947 slide-2948 msDefaultImage\" title=\"hotel_zuraltenoder_einzelzimmer_comfort_2\" \/><\/li>\n                <li style=\"display: none; width: 100%;\" class=\"slide-2954 ms-image\" aria-roledescription=\"slide\" data-date=\"2023-02-18 18:06:05\" data-slide-type=\"image\"><img decoding=\"async\" src=\"https:\/\/zuraltenoder.de\/wp-content\/uploads\/2018\/04\/hotel_zuraltenoder_doppelzimmer_comfort_1-640x480.jpg\" height=\"480\" width=\"640\" alt=\"Komfort-Doppelzimmer im Hotel Zur Alten Oder in 15230 Frankfurt\/Oder\" class=\"slider-2947 slide-2954 msDefaultImage\" title=\"hotel_zuraltenoder_doppelzimmer_comfort_1\" \/><\/li>\n                <li style=\"display: none; width: 100%;\" class=\"slide-2949 ms-image\" aria-roledescription=\"slide\" data-date=\"2023-02-18 18:06:00\" data-slide-type=\"image\"><img loading=\"lazy\" decoding=\"async\" src=\"https:\/\/zuraltenoder.de\/wp-content\/uploads\/2018\/04\/hotel_zuraltenoder_einzelzimmer_comfort_1-640x480.jpg\" height=\"480\" width=\"640\" alt=\"Komfort-Einzelzimmer im Hotel Zur Alten Oder in 15230 Frankfurt\/Oder\" class=\"slider-2947 slide-2949 msDefaultImage\" title=\"hotel_zuraltenoder_einzelzimmer_comfort_1\" \/><\/li>\n                <li style=\"display: none; width: 100%;\" class=\"slide-2953 ms-image\" aria-roledescription=\"slide\" data-date=\"2023-02-18 18:06:04\" data-slide-type=\"image\"><img loading=\"lazy\" decoding=\"async\" src=\"https:\/\/zuraltenoder.de\/wp-content\/uploads\/2018\/04\/hotel_zuraltenoder_doppelzimmer_comfort_2-640x480.jpg\" height=\"480\" width=\"640\" alt=\"Komfort-Doppelzimmer im Hotel Zur Alten Oder in 15230 Frankfurt\/Oder\" class=\"slider-2947 slide-2953 msDefaultImage\" title=\"hotel_zuraltenoder_doppelzimmer_comfort_2\" \/><\/li>\n            <\/ul>\n        <\/div>\n        \n    <\/div>\n<\/div><\/div>\n<div><\/div>\n<div class=\"clear\"><\/div>\n<h2 style=\"text-align: center; font-style: italic; font-family: georgia !Important; padding-bottom: 2em; width: 70%; margin: 0 auto;\">What makes us different from most other hotels? You can choose a different ambiance for each stay.<br \/>\nOur rooms are all individually designed and furnished.<\/h2>\n<p>&nbsp;<\/p>\n<!-- the tabs --><div class=\"progression-tab-container\"><ul class=\"progression-etabs\"><li class=\"progression-tab\"><a href=\"#tab1\"><strong>SINGLE ROOM<\/strong><\/a><\/li>\n<li class=\"progression-tab\"><a href=\"#tab2\"><strong>DOUBLE ROOM<\/strong><\/a><\/li>\n<li class=\"progression-tab\"><a href=\"#tab3\"><strong>3 P. APARTMENT<\/strong><\/a><\/li>\n<li class=\"progression-tab\"><a href=\"#tab4\"><strong>4 P. APARTMENT | FEWO<\/strong><\/a><\/li><\/ul>\n<!-- tab \"panes\" -->\n<div id=\"tab1\" class=\"progression-div\"><\/p>\n<p><strong>Unsere Zimmerpreise sind dynamische Preise und variieren je nach Saison und Auslastung \u2013 Preise sind pro Nacht und exkl. Fr\u00fchst\u00fcck:<\/strong><\/p>\n<p>\u2013 Einzelzimmer (Standard): ab 79,00 \u20ac<br \/>\nDie Standard-Einzelzimmer verf\u00fcgen \u00fcber 13 \u2013 15 m\u00b2 Raumfl\u00e4che und die Einzelbetten (0,90 m x 2,00 m) sorgen f\u00fcr h\u00f6chsten Schlafkomfort.<br \/>\n\u2013 Einzelzimmer (Komfort): ab 89,00 \u20ac<br \/>\nUnsere Komfort-Einzelzimmer verf\u00fcgen \u00fcber 16 \u2013 18 m\u00b2 Raumfl\u00e4che und die Einzelbetten (1,40 m x 2,00 m) sorgen f\u00fcr h\u00f6chsten Schlafkomfort.<\/p>\n<p><strong>Overview of the facility:<\/strong><br \/>\n\u2013 Shower with toilet<br \/>\n\u2013 Flat screen TV<br \/>\n\u2013 Non-smoking rooms<\/p>\n<p><strong>Extensive breakfast buffet \u2013 prices per person:<\/strong><br \/>\n&#8211; Erwachsene: 16,50 \u20ac<br \/>\n&#8211; Kinder bis 11 Jahre: 11,00 \u20ac<br \/>\n&#8211; Kinder unter 4 Jahre: kostenfrei<\/p>\n<p><strong>Weitere Leistungen &#8211; Preise pro Person bzw. pro Nacht:<\/strong><br \/>\n&#8211; Zus\u00e4tzliche Aufbettung: 20,00 \u20ac (nur im Doppelzimmer Komfort m\u00f6glich)<br \/>\n&#8211; Babybett: 10,00 \u20ac<br \/>\n&#8211; Haustier: 20,00 \u20ac<br \/>\n&#8211; W\u00e4scheservice (ohne b\u00fcgeln): 20,00 \u20ac<br \/>\n&#8211; Late Check-Out bis 14 Uhr: 30,00 \u20ac<br \/>\n&#8211; PKW-Parkplatz: kostenfrei<br \/>\n&#8211; Fahrradkeller: kostenfrei<br \/>\n&#8211; \u00d6ffentlicher WiFi-Hotspot: kostenfrei<\/p>\n<p>Unsere gem\u00fctlichen Zimmer bieten Ihnen alles f\u00fcr einen angenehmen Aufenthalt in der Stadt Frankfurt (Oder).<br \/>\nSie wohnen in einem modern eingerichteten Einzelzimmer, ausgestattet mit Flachbildfernseher und einem hellen Badezimmer mit Dusche\/WC.<br \/>\nDank der Schallschutzfenster verbringen Sie die Nacht in tiefster Ruhe.<br \/>\nAlle unsere Zimmer sind Nichtraucherzimmer.<br \/>\nEine zus\u00e4tzliche Aufbettung ist im Einzelzimmer nicht m\u00f6glich.<\/p>\n<p>Ihr Zimmer steht Ihnen am Anreisetagtag ab 14 Uhr zum Check-In zur Verf\u00fcgung. Bei einer Anreise nach 18 Uhr setzen Sie bitte mit uns telefonisch unter: +49 335 55622-0 in Verbindung.<br \/>\nAm Abreisetag k\u00f6nnen Sie Ihr Zimmer bis 11 Uhr nutzen. Nat\u00fcrlich ist auch ein kostenpflichtiger Late Check-Out bis 14 Uhr m\u00f6glich.<\/p>\n<p>&nbsp;<\/p>\n<p><a class=\"zurbutton\" href=\"http:\/\/zuraltenoder.de\/en\/buchung\/\">Reservation <\/a><\/p>\n<p><\/div>\n<div id=\"tab2\" class=\"progression-div\"><\/p>\n<p><strong>Unsere Zimmerpreise sind dynamische Preise und variieren je nach Saison und Auslastung \u2013 Preise sind pro Nacht und exkl. Fr\u00fchst\u00fcck:<\/strong><\/p>\n<p>\u2013 Doppelzimmer (Standard): ab 98,00 \u20ac<br \/>\nThe standard double rooms have an area of \u200b\u200bapprox. 20 m\u00b2 and the double beds (1.40 mx 2.00 m) ensure maximum sleeping comfort.<br \/>\n\u2013 Doppelzimmer (Komfort): ab 109,00 \u20ac<br \/>\nThe comfort double rooms have a floor space of approx. 24 m\u00b2 and the double beds (1.80 mx 2.00 m) ensure maximum sleeping comfort.<\/p>\n<p><strong>Overview of the facility:<\/strong><br \/>\n\u2013 Shower with toilet<br \/>\n\u2013 Flat screen TV<br \/>\n\u2013 Non-smoking rooms<\/p>\n<p><strong>Extensive breakfast buffet \u2013 prices per person:<\/strong><br \/>\n&#8211; Erwachsene: 16,50 \u20ac<br \/>\n&#8211; Kinder bis 11 Jahre: 11,00 \u20ac<br \/>\n&#8211; Kinder unter 4 Jahre: kostenfrei<\/p>\n<p><strong>Weitere Leistungen &#8211; Preise pro Person bzw. pro Nacht:<\/strong><br \/>\n&#8211; Zus\u00e4tzliche Aufbettung: 20,00 \u20ac (nur im Doppelzimmer Komfort m\u00f6glich)<br \/>\n&#8211; Babybett: 10,00 \u20ac<br \/>\n&#8211; Haustier: 20,00 \u20ac<br \/>\n&#8211; W\u00e4scheservice (ohne b\u00fcgeln): 20,00 \u20ac<br \/>\n\u2013 Late Check-Out bis 14 Uhr: 30,00 \u20ac<br \/>\n&#8211; PKW-Parkplatz: kostenfrei<br \/>\n&#8211; Fahrradkeller: kostenfrei<br \/>\n&#8211; \u00d6ffentlicher WiFi-Hotspot: kostenfrei<\/p>\n<p>In unseren wohnlichen Doppelzimmern bereitet die elegante Ausstattung eine Atmosph\u00e4re, in der Sie Ihren Aufenthalt bei uns voll und ganz genie\u00dfen k\u00f6nnen.<br \/>\nDie gro\u00dfz\u00fcgig geschnittenen Doppelzimmer verf\u00fcgen \u00fcber Flachbildfernseher und ein helles Badezimmer mit Dusche\/WC.<br \/>\nDank der Schallschutzfenster verbringen Sie die Nacht in angenehmer Ruhe.<br \/>\nAlle unsere Zimmer sind Nichtraucherzimmer.<\/p>\n<p>Ihr Zimmer steht Ihnen am Anreisetagtag ab 14 Uhr zum Check-In zur Verf\u00fcgung. Bei einer Anreise nach 18 Uhr setzen Sie bitte mit uns telefonisch unter: +49 335 55622-0 in Verbindung.<br \/>\nAm Abreisetag k\u00f6nnen Sie Ihr Zimmer bis 11 Uhr nutzen. Nat\u00fcrlich ist auch ein kostenpflichtiger Late Check-Out bis 14 Uhr m\u00f6glich.<\/p>\n<p>&nbsp;<\/p>\n<p><a class=\"zurbutton\" href=\"http:\/\/zuraltenoder.de\/en\/buchung\/\">Reservation <\/a><\/p>\n<p><\/div>\n<div id=\"tab3\" class=\"progression-div\"><\/p>\n<p><strong>Unsere Zimmerpreise sind dynamische Preise und variieren je nach Saison und Auslastung \u2013 Preise sind pro Nacht und exkl. Fr\u00fchst\u00fcck:<\/strong><\/p>\n<p>\u2013 Familien-Apartment f\u00fcr 3 Personen \u2013 1 Doppelbett und 1 Schlafsofa: ab 118,00 \u20ac<br \/>\nUnser Apartment bietet Gruppen bzw. Familien ein gro\u00dfz\u00fcgiges Platzangebot \u2013 ca. 32 m\u00b2 verteilt auf zwei ger\u00e4umige Zimmer, stehen f\u00fcr bis zu 3 Personen zur Verf\u00fcgung.<\/p>\n<p><strong>Overview of the facility:<\/strong><br \/>\n\u2013 Dusche mit WC<br \/>\n\u2013 TV-Ger\u00e4t mit Flachbildschirm<br \/>\n\u2013 Nichtraucherzimmer<\/p>\n<p><strong>Extensive breakfast buffet \u2013 prices per person:<\/strong><br \/>\n&#8211; Erwachsene: 16,50 \u20ac<br \/>\n&#8211; Kinder bis 11 Jahre: 11,00 \u20ac<br \/>\n&#8211; Kinder unter 4 Jahre: kostenfrei<\/p>\n<p><strong>Weitere Leistungen &#8211; Preise pro Person bzw. pro Nacht:<\/strong><br \/>\n&#8211; Zus\u00e4tzliche Aufbettung: 20,00 \u20ac<br \/>\n&#8211; Babybett: 10,00 \u20ac<br \/>\n&#8211; Haustier: 20,00 \u20ac<br \/>\n&#8211; W\u00e4scheservice (ohne b\u00fcgeln): 20,00 \u20ac<br \/>\n\u2013 Late Check-Out bis 14 Uhr: 30,00 \u20ac<br \/>\n&#8211; PKW-Parkplatz: kostenfrei<br \/>\n&#8211; Fahrradkeller: kostenfrei<br \/>\n&#8211; \u00d6ffentlicher WiFi-Hotspot: kostenfrei<\/p>\n<p>In unseren ger\u00e4umigen Zwei-Zimmer-Apartments bereitet die elegante Ausstattung eine Atmosph\u00e4re, in der Sie Ihren Aufenthalt bei uns voll und ganz genie\u00dfen k\u00f6nnen.<br \/>\nDie gro\u00dfz\u00fcgig geschnittenen Zimmer verf\u00fcgen \u00fcber Flachbildfernseher und ein helles Badezimmer mit Dusche\/WC.<br \/>\nDank der Schallschutzfenster verbringen Sie die Nacht in angenehmer Ruhe.<br \/>\nAlle unsere Zimmer sind Nichtraucherzimmer.<\/p>\n<p>Ihr Apartment steht Ihnen am Anreisetagtag ab 14 Uhr zum Check-In zur Verf\u00fcgung. Bei einer Anreise nach 18 Uhr setzen Sie bitte mit uns telefonisch unter: +49 335 55622-0 in Verbindung.<br \/>\nAm Abreisetag k\u00f6nnen Sie Ihr Apartment bis 11 Uhr nutzen. Nat\u00fcrlich ist auch ein kostenpflichtiger Late Check-Out bis 14 Uhr m\u00f6glich.<\/p>\n<p>&nbsp;<\/p>\n<p><a class=\"zurbutton\" href=\"http:\/\/zuraltenoder.de\/en\/buchung\/\">Reservation <\/a><\/p>\n<p><\/div>\n<div id=\"tab4\" class=\"progression-div\"><\/p>\n<p><strong>Our room prices are dynamic prices and vary depending on the season and occupancy - prices are per night and excluding breakfast:<\/strong><br \/>\nFerienwohnung: ab 159,00 \u20ac<br \/>\nOur holiday apartment in the immediate vicinity of the hotel offers a spacious area of \u200b\u200bapprox. 48 m\u00b2:<br \/>\n\u2013 Large living room with dining table<br \/>\n&#8211; Ein gro\u00dfes Doppelbett (1,60 x 2,00 m) mit der M\u00f6glichkeit einer Schlafsofa-Aufbettung im Wohnbereich<br \/>\n\u2013 Bathroom with toilet\/bathtub<br \/>\n\u2013 Kitchen with stove and oven, extractor hood, microwave, refrigerator with 3*** compartment, coffee maker and kettle<\/p>\n<p><strong>Overview of the facility:<\/strong><br \/>\n\u2013 Bathtub with toilet<br \/>\n&#8211; vollausgestattete K\u00fcche<br \/>\n\u2013 Flat screen TV<br \/>\n\u2013 Non-smoking rooms<\/p>\n<p><strong>Reichhaltiges Fr\u00fchst\u00fccksb\u00fcffet (im Hotel Zur Alten Oder) &#8211; Preise pro Person:<\/strong><br \/>\n&#8211; Erwachsene: 16,50 \u20ac<br \/>\n&#8211; Kinder bis 11 Jahre: 11,00 \u20ac<br \/>\n&#8211; Kinder unter 4 Jahre: kostenfrei<\/p>\n<p><strong>Weitere Leistungen &#8211; Preise pro Person bzw. pro Nacht:<\/strong><br \/>\n&#8211; Zus\u00e4tzliche Aufbettung: 20,00 \u20ac<br \/>\n&#8211; Babybett: 10,00 \u20ac<br \/>\n&#8211; Haustier: 20,00 \u20ac<br \/>\n&#8211; W\u00e4scheservice (ohne b\u00fcgeln): 20,00 \u20ac<br \/>\n\u2013 Late Check-Out bis 14 Uhr: 30,00 \u20ac<br \/>\n&#8211; PKW-Parkplatz: kostenfrei<br \/>\n&#8211; Fahrradkeller: kostenfrei<br \/>\n&#8211; \u00d6ffentlicher WiFi-Hotspot: kostenfrei<\/p>\n<p>In unserer ger\u00e4umigen Zwei-Zimmer-Ferienwohnung bereitet die elegante Ausstattung eine Atmosph\u00e4re, in der Sie Ihren Aufenthalt bei uns voll und ganz genie\u00dfen k\u00f6nnen.<br \/>\nDie gro\u00dfz\u00fcgig geschnittenen Zimmer verf\u00fcgen \u00fcber Flachbildfernseher und ein helles Badezimmer.<br \/>\nDer Schlafraum ist zur ruhigen Gartenseite hin gelegen und dank der Schallschutzfenster verbringen Sie die Nacht in angenehmer Ruhe.<br \/>\nUnser 4 Personen-Apartment\/Ferienwohnung ist eine Nichtraucherwohnung.<\/p>\n<p>Ihr Apartment\/FeWo steht Ihnen am Anreisetagtag ab 14 Uhr zum Check-In zur Verf\u00fcgung. Bei einer Anreise nach 18 Uhr setzen Sie bitte mit uns telefonisch unter: +49 335 55622-0 in Verbindung.<br \/>\nAm Abreisetag k\u00f6nnen Sie Ihr Apartment bis 11 Uhr nutzen. Nat\u00fcrlich ist auch ein kostenpflichtiger Late Check-Out bis 14 Uhr m\u00f6glich.<\/p>\n<p>&nbsp;<\/p>\n<p><a class=\"zurbutton\" href=\"http:\/\/zuraltenoder.de\/en\/buchung\/\">Reservation <\/a><\/p>\n<p><\/div>\n\n<\/div>","protected":false},"excerpt":{"rendered":"<p>&nbsp; Willkommen im Residenz Am Park HOTEL Frankfurt-Oder | Hotel Zur Alten Oder Frankfurt Unsere Hotelzimmer, \u2026jedes ist individuell &nbsp; Was uns von den meisten anderen Hotels unterscheidet? Sie k\u00f6nnen bei jedem Aufenthalt ein anderes Ambiente w\u00e4hlen. Unsere Zimmer sind alle individuell geschnitten und eingerichtet. &nbsp;<\/p>","protected":false},"author":1,"featured_media":0,"parent":0,"menu_order":0,"comment_status":"open","ping_status":"open","template":"homepage.php","meta":{"footnotes":""},"class_list":["post-88","page","type-page","status-publish"],"_links":{"self":[{"href":"https:\/\/zuraltenoder.de\/en\/wp-json\/wp\/v2\/pages\/88","targetHints":{"allow":["GET"]}}],"collection":[{"href":"https:\/\/zuraltenoder.de\/en\/wp-json\/wp\/v2\/pages"}],"about":[{"href":"https:\/\/zuraltenoder.de\/en\/wp-json\/wp\/v2\/types\/page"}],"author":[{"embeddable":true,"href":"https:\/\/zuraltenoder.de\/en\/wp-json\/wp\/v2\/users\/1"}],"replies":[{"embeddable":true,"href":"https:\/\/zuraltenoder.de\/en\/wp-json\/wp\/v2\/comments?post=88"}],"version-history":[{"count":41,"href":"https:\/\/zuraltenoder.de\/en\/wp-json\/wp\/v2\/pages\/88\/revisions"}],"predecessor-version":[{"id":3230,"href":"https:\/\/zuraltenoder.de\/en\/wp-json\/wp\/v2\/pages\/88\/revisions\/3230"}],"wp:attachment":[{"href":"https:\/\/zuraltenoder.de\/en\/wp-json\/wp\/v2\/media?parent=88"}],"curies":[{"name":"wp","href":"https:\/\/api.w.org\/{rel}","templated":true}]}}