{"id":90,"date":"2015-06-09T11:34:20","date_gmt":"2015-06-09T11:34:20","guid":{"rendered":"http:\/\/zuraltenoder.de\/\/?page_id=90"},"modified":"2025-03-01T08:22:50","modified_gmt":"2025-03-01T07:22:50","slug":"buchung","status":"publish","type":"page","link":"https:\/\/zuraltenoder.de\/en\/buchung\/","title":{"rendered":"Booking"},"content":{"rendered":"<div class=\"grid3column\"><\/p>\n<h2 style=\"font-size: 2.5em; font-family: georgia !Important;\">We look forward to you!<\/h2>\n<p>The team at Hotel Zur Alten Oder Frankfurt looks forward to seeing you and wishes you a wonderful and eventful stay in beautiful Frankfurt (Oder).<br \/>\nTake your time to look at our room descriptions and fill out a reservation request online. We will get back to you shortly and let you know whether a booking is possible on your desired date.<br \/>\nOr reserve your room by phone:<br \/>\nTelefon: +49 335 556 220<\/p>\n<p><span style=\"font-size: 1.4em; font-family: georgia !Important;\">Your team from Hotel Zur Alten Oder Frankfurt<\/span><br \/>\n<\/div>\n<div class=\"grid3columnbig lastcolumn\"><\/p>\n<p>\n<div class=\"wpcf7 no-js\" id=\"wpcf7-f2228-o1\" lang=\"en-US\" dir=\"ltr\" data-wpcf7-id=\"2228\">\n<div class=\"screen-reader-response\"><p role=\"status\" aria-live=\"polite\" aria-atomic=\"true\"><\/p> <ul><\/ul><\/div>\n<form action=\"\/en\/wp-json\/wp\/v2\/pages\/90#wpcf7-f2228-o1\" method=\"post\" class=\"wpcf7-form init\" aria-label=\"Contact form\" novalidate=\"novalidate\" data-status=\"init\" data-trp-original-action=\"\/en\/wp-json\/wp\/v2\/pages\/90#wpcf7-f2228-o1\">\n<fieldset class=\"hidden-fields-container\"><input type=\"hidden\" name=\"_wpcf7\" value=\"2228\" \/><input type=\"hidden\" name=\"_wpcf7_version\" value=\"6.1.2\" \/><input type=\"hidden\" name=\"_wpcf7_locale\" value=\"en_US\" \/><input type=\"hidden\" name=\"_wpcf7_unit_tag\" value=\"wpcf7-f2228-o1\" \/><input type=\"hidden\" name=\"_wpcf7_container_post\" value=\"0\" \/><input type=\"hidden\" name=\"_wpcf7_posted_data_hash\" value=\"\" \/>\n<\/fieldset>\n<div style=\"margin-bottom: 0px;\" class=\"fusion-one-half fusion-layout-column fusion-spacing-yes\">\n\t<p>Sehr geehrte G\u00e4ste,\n\t<\/p>\n\t<p>gerne erstellen wir Ihnen ein Buchungsangebot, mit dem gew\u00fcnschten Reisezeitraum, Zimmerkategorie, Arrangements usw.<br \/>\nSollte die von Ihnen gew\u00e4hlte Zimmerkategorie im gew\u00e4hlten Reisezeitraum nicht mehr verf\u00fcgbar sein, erhalten Sie von uns automatisch ein Buchungsangebot in der n\u00e4chst h\u00f6heren Zimmerkategorie.\n\t<\/p>\n\t<p>Um Wartezeiten beim Check-In\/Check-Out zu vermeiden, f\u00fcllen Sie bitte alle Felder aus.<br \/>\nG\u00e4ste, die im Firmenauftrag reisen und einen abweichenden Rechnungsempf\u00e4nger ausgewiesen haben m\u00fcssen, bitten wir uns im Freitextfeld unten, den Firmenname ggf. die Kostenstelle und die Firmenanschrift vorab mitzuteilen.\n\t<\/p>\n<\/div>\n<p><b>Pers\u00f6nliche Angaben (Anreisender Gast)<\/b>\n<\/p>\n<div style=\"margin-bottom: 0px;\" class=\"fusion-one-half fusion-layout-column fusion-spacing-yes\">\n\t<p><label aria-label=\"vorname\"><span class=\"wpcf7-form-control-wrap\" data-name=\"vorname\"><input size=\"40\" maxlength=\"400\" class=\"wpcf7-form-control wpcf7-text wpcf7-validates-as-required\" aria-required=\"true\" aria-invalid=\"false\" placeholder=\"First Name\" value=\"\" type=\"text\" name=\"vorname\" \/><\/span><\/label>\n\t<\/p>\n<\/div>\n<div style=\"margin-bottom: 0px;\" class=\"fusion-one-half fusion-layout-column fusion-column-last fusion-spacing-yes\">\n\t<p><label aria-label=\"nachname\"><span class=\"wpcf7-form-control-wrap\" data-name=\"nachname\"><input size=\"40\" maxlength=\"400\" class=\"wpcf7-form-control wpcf7-text wpcf7-validates-as-required\" aria-required=\"true\" aria-invalid=\"false\" placeholder=\"Last Name\" value=\"\" type=\"text\" name=\"nachname\" \/><\/span><\/label>\n\t<\/p>\n<\/div>\n<div style=\"margin-bottom: 0px;\" class=\"fusion-one-half fusion-layout-column fusion-spacing-yes\">\n\t<p><label aria-label=\"email\"><span class=\"wpcf7-form-control-wrap\" data-name=\"email\"><input size=\"40\" maxlength=\"400\" class=\"wpcf7-form-control wpcf7-email wpcf7-validates-as-required wpcf7-text wpcf7-validates-as-email\" aria-required=\"true\" aria-invalid=\"false\" placeholder=\"Email Address\" value=\"\" type=\"email\" name=\"email\" \/><\/span><\/label>\n\t<\/p>\n<\/div>\n<div style=\"margin-bottom: 0px;\" class=\"fusion-one-half fusion-layout-column fusion-column-last fusion-spacing-yes\">\n\t<p><label aria-label=\"phone\"><span class=\"wpcf7-form-control-wrap\" data-name=\"phone\"><input size=\"40\" maxlength=\"400\" class=\"wpcf7-form-control wpcf7-tel wpcf7-validates-as-required wpcf7-text wpcf7-validates-as-tel\" aria-required=\"true\" aria-invalid=\"false\" placeholder=\"Telephone number\" value=\"\" type=\"tel\" name=\"phone\" \/><\/span><\/label>\n\t<\/p>\n<\/div>\n<p><b>Address<\/b>\n<\/p>\n<div style=\"margin-bottom: 0px;\" class=\"fusion-one-half fusion-layout-column fusion-spacing-yes\">\n\t<p><label aria-label=\"plz\"><span class=\"wpcf7-form-control-wrap\" data-name=\"plz\"><input size=\"40\" maxlength=\"400\" class=\"wpcf7-form-control wpcf7-text wpcf7-validates-as-required\" aria-required=\"true\" aria-invalid=\"false\" placeholder=\"Postal code\" value=\"\" type=\"text\" name=\"plz\" \/><\/span><\/label>\n\t<\/p>\n<\/div>\n<div style=\"margin-bottom: 0px;\" class=\"fusion-one-half fusion-layout-column fusion-column-last fusion-spacing-yes\">\n\t<p><label aria-label=\"ort\"><span class=\"wpcf7-form-control-wrap\" data-name=\"ort\"><input size=\"40\" maxlength=\"400\" class=\"wpcf7-form-control wpcf7-text wpcf7-validates-as-required\" aria-required=\"true\" aria-invalid=\"false\" placeholder=\"Location\" value=\"\" type=\"text\" name=\"ort\" \/><\/span><\/label>\n\t<\/p>\n<\/div>\n<div style=\"margin-bottom: 0px;\" class=\"fusion-one-half fusion-layout-column fusion-spacing-yes\">\n\t<p><label aria-label=\"strasse\"><span class=\"wpcf7-form-control-wrap\" data-name=\"strasse\"><input size=\"40\" maxlength=\"400\" class=\"wpcf7-form-control wpcf7-text wpcf7-validates-as-required\" aria-required=\"true\" aria-invalid=\"false\" placeholder=\"Street\" value=\"\" type=\"text\" name=\"strasse\" \/><\/span><\/label>\n\t<\/p>\n<\/div>\n<div style=\"margin-bottom: 0px;\" class=\"fusion-one-half fusion-layout-column fusion-column-last fusion-spacing-yes\">\n\t<p><label aria-label=\"hausnr\"><span class=\"wpcf7-form-control-wrap\" data-name=\"hausnr\"><input size=\"40\" maxlength=\"400\" class=\"wpcf7-form-control wpcf7-text wpcf7-validates-as-required\" aria-required=\"true\" aria-invalid=\"false\" placeholder=\"House number\" value=\"\" type=\"text\" name=\"hausnr\" \/><\/span><\/label>\n\t<\/p>\n<\/div>\n<p><b>Travel Period<\/b>\n<\/p>\n<div style=\"margin-bottom: 0px;\" class=\"fusion-one-half fusion-layout-column fusion-spacing-yes\">\n\t<p><label aria-label=\"Name\">From<br \/>\n<span class=\"wpcf7-form-control-wrap\" data-name=\"anreise\"><input class=\"wpcf7-form-control wpcf7-date wpcf7-validates-as-required wpcf7-validates-as-date required\" min=\"2026-04-09\" aria-required=\"true\" aria-invalid=\"false\" value=\"Anreise\" type=\"date\" name=\"anreise\" \/><\/span><\/label>\n\t<\/p>\n<\/div>\n<div style=\"margin-bottom: 0px;\" class=\"fusion-one-half fusion-layout-column fusion-column-last fusion-spacing-yes\">\n\t<p><label aria-label=\"Phone\">To<br \/>\n<span class=\"wpcf7-form-control-wrap\" data-name=\"abreise\"><input class=\"wpcf7-form-control wpcf7-date wpcf7-validates-as-required wpcf7-validates-as-date required\" min=\"2026-04-10\" aria-required=\"true\" aria-invalid=\"false\" value=\"Abreise\" type=\"date\" name=\"abreise\" \/><\/span><\/label>\n\t<\/p>\n<\/div>\n<p><b>Angaben zur Reservierung<\/b>\n<\/p>\n<div style=\"margin-bottom: 0px;\" class=\"fusion-one-half fusion-layout-column fusion-spacing-yes\">\n\t<p><label aria-label=\"Name\">Anzahl der Erwachsenen<br \/>\n<span class=\"wpcf7-form-control-wrap\" data-name=\"erwachsene\"><select class=\"wpcf7-form-control wpcf7-select wpcf7-validates-as-required\" aria-required=\"true\" aria-invalid=\"false\" name=\"erwachsene\"><option value=\"1\">1<\/option><option value=\"2\">2<\/option><option value=\"3\">3<\/option><option value=\"4\">4<\/option><option value=\"5\">5<\/option><\/select><\/span><\/label>\n\t<\/p>\n<\/div>\n<div style=\"margin-bottom: 0px;\" class=\"fusion-one-half fusion-layout-column fusion-column-last fusion-spacing-yes\">\n\t<p><label aria-label=\"Phone\">Room Type<br \/>\n<span class=\"wpcf7-form-control-wrap\" data-name=\"wohnung\"><select class=\"wpcf7-form-control wpcf7-select wpcf7-validates-as-required\" aria-required=\"true\" aria-invalid=\"false\" name=\"wohnung\"><option value=\"Einzelzimmer-Standard: ab 79,00 \u20ac\/Nacht\">Einzelzimmer-Standard: ab 79,00 \u20ac\/Nacht<\/option><option value=\"Einzelzimmer-Komfort: ab 89,00 \u20ac\/Nacht\">Einzelzimmer-Komfort: ab 89,00 \u20ac\/Nacht<\/option><option value=\"Doppelzimmer-Standard: ab 98,00 \u20ac\/Nacht\">Doppelzimmer-Standard: ab 98,00 \u20ac\/Nacht<\/option><option value=\"Doppelzimmer-Komfort: ab 109,00 \u20ac\/Nacht\">Doppelzimmer-Komfort: ab 109,00 \u20ac\/Nacht<\/option><option value=\"Apartment f. 3 Pers.: ab 118,00 \u20ac\/Nacht\">Apartment f. 3 Pers.: ab 118,00 \u20ac\/Nacht<\/option><option value=\"Apartment\/FeWo f. 4 Pers.: ab 159,00 \u20ac\/Nacht\">Apartment\/FeWo f. 4 Pers.: ab 159,00 \u20ac\/Nacht<\/option><\/select><\/span><\/label>\n\t<\/p>\n<\/div>\n<div style=\"margin-bottom: 0px;\" class=\"fusion-one-half fusion-layout-column fusion-spacing-yes\">\n\t<p><label aria-label=\"Name\">Number of Rooms<br \/>\n<span class=\"wpcf7-form-control-wrap\" data-name=\"zimmeranzahl\"><select class=\"wpcf7-form-control wpcf7-select wpcf7-validates-as-required\" aria-required=\"true\" aria-invalid=\"false\" name=\"zimmeranzahl\"><option value=\"1 Zimmer\">1 Room<\/option><option value=\"2 Zimmer\">2 Rooms<\/option><option value=\"3 Zimmer\">3 Rooms<\/option><option value=\"4 Zimmer\">4 Rooms<\/option><option value=\"5 Zimmer\">5 Rooms<\/option><option value=\"Apartment\">Apartment<\/option><\/select><\/span><\/label>\n\t<\/p>\n<\/div>\n<p><b>Arrangements<\/b>\n<\/p>\n<div style=\"margin-bottom: 0px;\" class=\"fusion-one-half fusion-layout-column fusion-column-last fusion-spacing-yes\">\n\t<p><label aria-label=\"Phone\">Babybett gew\u00fcnscht?<br \/>\n<span class=\"wpcf7-form-control-wrap\" data-name=\"babybett\"><select class=\"wpcf7-form-control wpcf7-select wpcf7-validates-as-required\" aria-required=\"true\" aria-invalid=\"false\" name=\"babybett\"><option value=\"nein\">No<\/option><option value=\"ja (+10,00 \u20ac pro Nacht)\">ja (+10,00 \u20ac pro Nacht)<\/option><\/select><\/span><\/label>\n\t<\/p>\n<\/div>\n<div style=\"margin-bottom: 0px;\" class=\"fusion-one-half fusion-layout-column fusion-column-last fusion-spacing-yes\">\n\t<p><label aria-label=\"Phone\">Want an extra bed?<br \/>\n<span class=\"wpcf7-form-control-wrap\" data-name=\"aufbettung\"><select class=\"wpcf7-form-control wpcf7-select wpcf7-validates-as-required\" aria-required=\"true\" aria-invalid=\"false\" name=\"aufbettung\"><option value=\"nein\">No<\/option><option value=\"ja (+20,00 \u20ac pro Person\/Nacht)\">ja (+20,00 \u20ac pro Person\/Nacht)<\/option><\/select><\/span><\/label>\n\t<\/p>\n<\/div>\n<div style=\"margin-bottom: 0px;\" class=\"fusion-one-half fusion-layout-column fusion-column-last fusion-spacing-yes\">\n\t<p><label aria-label=\"Phone\">Late Check-Out 14 Uhr gew\u00fcnscht?<br \/>\n<span class=\"wpcf7-form-control-wrap\" data-name=\"latecheckout\"><select class=\"wpcf7-form-control wpcf7-select wpcf7-validates-as-required\" aria-required=\"true\" aria-invalid=\"false\" name=\"latecheckout\"><option value=\"nein\">No<\/option><option value=\"ja (+30,00 \u20ac)\">ja (+30,00 \u20ac)<\/option><\/select><\/span><\/label>\n\t<\/p>\n<\/div>\n<p><b>Fr\u00fchst\u00fcck<\/b>\n<\/p>\n<div style=\"margin-bottom: 0px;\" class=\"fusion-one-half fusion-layout-column fusion-spacing-yes\">\n\t<p><label aria-label=\"Name\">Would you like breakfast?<br \/>\n<span class=\"wpcf7-form-control-wrap\" data-name=\"fruehstueck\"><select class=\"wpcf7-form-control wpcf7-select wpcf7-validates-as-required\" aria-required=\"true\" aria-invalid=\"false\" name=\"fruehstueck\"><option value=\"nein\">No<\/option><option value=\"ja (+16,50 \u20ac pro Person)\">ja (+16,50 \u20ac pro Person)<\/option><\/select><\/span><\/label>\n\t<\/p>\n<\/div>\n<p><b>Haustier<\/b>\n<\/p>\n<div style=\"margin-bottom: 0px;\" class=\"fusion-one-half fusion-layout-column fusion-column-last fusion-spacing-yes\">\n\t<p><label aria-label=\"Phone\">Haustier gew\u00fcnscht?<br \/>\n<span class=\"wpcf7-form-control-wrap\" data-name=\"haustiere\"><select class=\"wpcf7-form-control wpcf7-select wpcf7-validates-as-required\" aria-required=\"true\" aria-invalid=\"false\" name=\"haustiere\"><option value=\"nein\">No<\/option><option value=\"ja (+20,00 \u20ac pro Tier\/Nacht)\">ja (+20,00 \u20ac pro Tier\/Nacht)<\/option><\/select><\/span><\/label>\n\t<\/p>\n<\/div>\n<p><span class=\"wpcf7-form-control-wrap\" data-name=\"acceptance-60\"><span class=\"wpcf7-form-control wpcf7-acceptance\"><span class=\"wpcf7-list-item\"><label><input type=\"checkbox\" name=\"acceptance-60\" value=\"1\" aria-invalid=\"false\" \/><span class=\"wpcf7-list-item-label\">I have read the Privacy Policy note. I agree that my details and data will be collected and stored electronically to answer my request. Note: You can revoke your consent at any time for the future by sending an email to info@zuraltenoder.de. <a href=\"\/en\/datenschutz\/\">Privacy policy<\/a>.<\/span><\/label><\/span><\/span><\/span>\n<\/p>\n<p style=\"margin-bottom: 0px;\"><label aria-label=\"Notes\"><span class=\"wpcf7-form-control-wrap\" data-name=\"your-message\"><textarea cols=\"40\" rows=\"10\" maxlength=\"2000\" class=\"wpcf7-form-control wpcf7-textarea\" aria-invalid=\"false\" placeholder=\"Zus\u00e4tzliche Informationen zur Reservierung (z. Bsp. abweichender Rechnungsempf\u00e4nger bei G\u00e4sten, die im Firmenauftrag reisen)\" name=\"your-message\"><\/textarea><\/span><\/label>\n<\/p>\n<p><input class=\"wpcf7-form-control wpcf7-submit has-spinner\" type=\"submit\" value=\"Send\" \/>\n<\/p><div class=\"frc-captcha\" data-sitekey=\"FCMR3DCJGQL7HRQT\" data-lang=\"de\" ><\/div>\n\t\t<noscript>You need to enable Javascript for the anti-spam check.<\/noscript><div class=\"wpcf7-response-output\" aria-hidden=\"true\"><\/div>\n<input type=\"hidden\" name=\"trp-form-language\" value=\"en\"\/><\/form>\n<\/div>\n<\/p>\n<p><\/div><div class=\"clearfix\"><\/div>","protected":false},"excerpt":{"rendered":"","protected":false},"author":1,"featured_media":0,"parent":0,"menu_order":0,"comment_status":"open","ping_status":"open","template":"homepage.php","meta":{"footnotes":""},"class_list":["post-90","page","type-page","status-publish"],"_links":{"self":[{"href":"https:\/\/zuraltenoder.de\/en\/wp-json\/wp\/v2\/pages\/90","targetHints":{"allow":["GET"]}}],"collection":[{"href":"https:\/\/zuraltenoder.de\/en\/wp-json\/wp\/v2\/pages"}],"about":[{"href":"https:\/\/zuraltenoder.de\/en\/wp-json\/wp\/v2\/types\/page"}],"author":[{"embeddable":true,"href":"https:\/\/zuraltenoder.de\/en\/wp-json\/wp\/v2\/users\/1"}],"replies":[{"embeddable":true,"href":"https:\/\/zuraltenoder.de\/en\/wp-json\/wp\/v2\/comments?post=90"}],"version-history":[{"count":4,"href":"https:\/\/zuraltenoder.de\/en\/wp-json\/wp\/v2\/pages\/90\/revisions"}],"predecessor-version":[{"id":3133,"href":"https:\/\/zuraltenoder.de\/en\/wp-json\/wp\/v2\/pages\/90\/revisions\/3133"}],"wp:attachment":[{"href":"https:\/\/zuraltenoder.de\/en\/wp-json\/wp\/v2\/media?parent=90"}],"curies":[{"name":"wp","href":"https:\/\/api.w.org\/{rel}","templated":true}]}}