{"id":92,"date":"2015-06-09T11:34:34","date_gmt":"2015-06-09T11:34:34","guid":{"rendered":"http:\/\/zuraltenoder.de\/\/?page_id=92"},"modified":"2025-11-07T19:08:43","modified_gmt":"2025-11-07T18:08:43","slug":"restaurant","status":"publish","type":"page","link":"https:\/\/zuraltenoder.de\/en\/restaurant\/","title":{"rendered":"Restaurant"},"content":{"rendered":"<p>&nbsp;<\/p>\r\n<p>&nbsp;<\/p>\r\n\r\n<div class=\"sec2\">\r\n<div id=\"midd_div\">\r\n<h1>\u00a0<\/h1>\r\n<h2 style=\"text-align: center;\">Restaurant mit tollem Ambiente und regionalen Speisen in<\/h2>\r\n<h2 style=\"text-align: center;\">Frankfurt-Oder<\/h2>\r\n<p style=\"text-align: center;\">Wer sich auf eine spannende Entdeckungsreise der historischen Stadt Frankfurt-Oder begeben m\u00f6chte, sollte auch ein Hotel in Frankfurt-Oder mit historischen Charakter und ruhiger Lage buchen.<\/p>\r\n<p style=\"text-align: center;\">Eine Unterkunft im Hotel &amp; Restaurant Zur Alten Oder Frankfurt bietet neben der zentralen Lage mehrere Vorteile. Das Hotel besitzt ein eigenes Restaurant mit Bar und einen Biergarten, der zum entspannen und verweilen einl\u00e4dt.<\/p>\r\n<p style=\"text-align: center;\">Unseren G\u00e4sten des Hotels &amp; Restaurants in Frankfurt-Oder bieten wir ausschlie\u00dflich Speisen und Getr\u00e4nke in bester Qualit\u00e4t an. Wir verwenden saisonale und frische Produkte. Wir bieten unseren G\u00e4sten nicht nur traditionelle deutsche Speisen, sondern auch moderne eigene Variationen und Kreationen. Die Qualit\u00e4t unserer Speisen und die Zufriedenheit unserer G\u00e4ste stehen nat\u00fcrlich im Vordergrund.<\/p>\r\n<p style=\"text-align: center;\">Das 3-Sterne-Hotel &amp; Restaurant Zur Alten Oder Frankfurt befindet sich in der N\u00e4he des Stadtzentrums, nur ein Katzensprung von dem Fluss und dem namensgebenden Seitenarm der Oder gelegen.<br \/>Es w\u00fcrde sich nat\u00fcrlich empfehlen, Ihren Aufenthalt im Hotel mit Besuch in unserem Restaurant zu kombinieren.<br \/>Lassen Sie sich in vollen Z\u00fcgen von den Speisen und Getr\u00e4nken verw\u00f6hnen.<\/p>\r\n<p style=\"text-align: center;\"><strong>Unsere \u00d6ffnungszeiten:<\/strong><br \/>Montag bis Samstag von 18:00 bis 21:00 Uhr<br \/>Ab einer Personenzahl von 10 Personen richten wir unsere Zeiten gerne nach Ihnen.<\/p>\r\n<p style=\"text-align: center;\"><strong>Simply contact us at:<\/strong><br \/>Tel.-Nr.: 0335 556220<br \/>or send us an email to:<br \/>info@zuraltenoder.de<\/p>\r\n<p style=\"text-align: center;\">Ihr Team vom Hotel &amp; Restaurant Zur Alten Oder Frankfurt<\/p>\r\n<p>&nbsp;<\/p>\r\n<h2 style=\"text-align: center;\">Fr\u00fchst\u00fcck im Hotel Zur Alten Oder Frankfurt<\/h2>\r\n<div style=\"text-align: center;\">The day at the Hotel Frankfurt-Oder begins with a rich and varied <br \/>Fr\u00fchst\u00fcck. Unser von den G\u00e4sten immer wieder gelobtes Fr\u00fchst\u00fccksbuffet l\u00e4dt zum Genuss ein. Wir bieten an:<\/div>\r\n<div style=\"text-align: center;\">\r\n<ul style=\"list-style: none;\">\r\n<li>\u00a0<\/li>\r\n<li>Gro\u00dfe Wurst- und K\u00e4seplatten<\/li>\r\n<li>Frisch zubereiteter Obstsalat<\/li>\r\n<li>Verschiedenste Auswahl an M\u00fcsli und Joghurt<\/li>\r\n<li>Feine Marmeladen und Honig<\/li>\r\n<li>Fr\u00fchst\u00fcckseier<\/li>\r\n<li>Frische Br\u00f6tchen, Croissants, Kuchen<\/li>\r\n<li>Kaffee<\/li>\r\n<li>Ausgesuchte Tee-Getr\u00e4nke<\/li>\r\n<li>Leckere und hochwertige S\u00e4fte<\/li>\r\n<li>Und vieles mehr\u2026.<\/li>\r\n<\/ul>\r\n<br \/>Unser Fr\u00fchst\u00fccksrestaurant empf\u00e4ngt Sie gerne zu folgenden Zeiten:<\/div>\r\n<div style=\"text-align: center;\"><br \/><strong>Montag bis Samstag: 06:30 \u2013 10:00 Uhr<\/strong><br \/><strong>Sonn- und Feiertag: 07:30 \u2013 10:30 Uhr<\/strong><\/div>\r\n<div>\u00a0<\/div>\r\n<div style=\"text-align: center;\">Preis pro Person 16,50 \u20ac<\/div>\r\n<div style=\"text-align: center;\">Au\u00dferhaus-Fr\u00fchst\u00fcck pro Person 16,50 \u20ac<\/div>\r\n<div>\u00a0<\/div>\r\n<div style=\"text-align: center;\">Nat\u00fcrlich k\u00f6nnen Sie gerne bei uns fr\u00fchst\u00fccken, auch wenn Sie kein Hotelgast bei <br \/>uns sind.<br \/>In der warmen Jahreszeit ist es selbstverst\u00e4ndlich m\u00f6glich, auch auf unserer <br \/>Terrasse zu fr\u00fchst\u00fccken.<br \/><strong>F\u00fcr einen perfekten Start in den Tag!<\/strong><\/div>\r\n<\/div>\r\n<\/div>\r\n\r\n\r\n\r\n<div class=\"sec2\">\r\n<div id=\"midd_div\">\r\n<h1>\u00a0<\/h1>\r\n<h2 style=\"text-align: center;\">Hotel-Bar und Biergarten im Hotel Zur Alten Oder Frankfurt &#8211; das 3 Sterne Hotel<\/h2>\r\n<div style=\"text-align: center;\">Unser Hotel besitzt eine eigene\u00a0Bar und einen Biergarten, welche zum Entspannen und zum Verweilen einladen.<br \/>There you can have a drink or two in a pleasant atmosphere.<br \/>Ob ein k\u00fchles, frisch gezapfte Bier oder ein edler Wein &#8230; \u00fcberzeugen Sie sich selbst.<br \/>In summer our guests can take a seat in our beer garden.<br \/>Our lovingly landscaped green areas convey harmony and comfort.<br \/><br \/><b>Unsere \u00d6ffnungszeiten:<\/b><br \/>Montag bis Samstag von 18:00 bis 21:00 Uhr<br \/>Ab einer Personenzahl von 10 Personen richten wir unsere Zeiten gerne nach Ihnen.<br \/><br \/>Kontaktieren Sie uns dazu einfach unter:<br \/><a href=\"tel:0335556220\">Tel.-Nr.: 0335 556220<\/a><br \/>or send us an email to:<br \/><a href=\"mailto:info@zuraltenoder.de\">info@zuraltenoder.de<\/a><br \/><br \/>Your team from Hotel Zur Alten Oder Frankfurt<br \/>In unserem Hotel bieten wir keine \u00e1 la carte Speisen an.<br \/>Jedoch befindet sich in unmittelbarer N\u00e4he das Zentrum, die Innenstadt mit zahlreichen Restaurants.<br \/>Sie gelangen dorthin in nur zw\u00f6lf Fu\u00dfminuten.<\/div>\r\n<\/div>\r\n<\/div>\r\n\r\n\r\n\r\n<div class=\"sec2\">\r\n<div id=\"midd_div\">\r\n<h1>\u00a0<\/h1>\r\n<h2 style=\"text-align: center;\">KroCo &#8211; Das Restaurant in Frankfurt (Oder) \u2013 Genuss &amp; Gem\u00fctlichkeit<\/h2>\r\n<div style=\"text-align: center;\">Das Restaurant KroCo in Frankfurt Oder steht f\u00fcr frische K\u00fcche, gem\u00fctliches Ambiente und herzliche Gastfreundschaft.Zentral gelegen, ist es der ideale Ort f\u00fcr ein entspanntes Abendessen, einen schnellen Mittagstisch oder gesellige Stunden mit Familie und Freunden.<\/div>\r\n<div>\u00a0<\/div>\r\n<div style=\"text-align: center;\">Unsere K\u00fcche verbindet deutsche Klassiker mit mediterranen Einfl\u00fcssen. Auf der Speisekarte finden Sie saftige Steaks, Pasta, frische Salate, vegetarische Spezialit\u00e4ten und saisonale Highlights. Wir legen gro\u00dfen Wert auf regionale Zutaten und eine sorgf\u00e4ltige Zubereitung, damit jedes Gericht zu einem besonderen Genuss wird. Ob Fleischliebhaber, Vegetarier oder Fisch-Fan \u2013 im KroCo kommt jeder Gast auf seine Kosten. Besonders beliebt sind unsere Grillgerichte und wechselnden Mittagsmen\u00fcs, die f\u00fcr Abwechslung sorgen.<\/div>\r\n<div>\u00a0<\/div>\r\n<div style=\"text-align: center;\">Auch das Ambiente l\u00e4dt zum Verweilen ein: stilvoll eingerichtete R\u00e4ume und im Sommer eine sonnige Terrasse, perfekt f\u00fcr ein Glas Wein oder ein k\u00fchles Bier. F\u00fcr Geburtstage, Firmenfeiern oder romantische Abende bieten wir den passenden Rahmen und einen Service, der keine W\u00fcnsche offenl\u00e4sst. Wenn Sie ein Restaurant in Frankfurt (Oder) suchen, das Qualit\u00e4t, Geschmack und Wohlf\u00fchlatmosph\u00e4re vereint, freuen wir uns auf Ihren Besuch im KroCo.<\/div>\r\n<div>\u00a0<\/div>\r\n<div style=\"text-align: center;\"><b>KroCo &#8211; Das Restaurant Frankfurt (Oder)<\/b><br \/>Holzmarkt 7<br \/>D-15230 Frankfurt (Oder)<br \/><br \/><b>Unsere \u00d6ffnungszeiten:<\/b><br \/>Dienstag &#8211; Freitag: 16:30 &#8211; 22:00 Uhr<br \/>Samstag: 11:30 &#8211; 22:00 Uhr<br \/>Sonntag\/Feiertag: 11:30 &#8211; 20:00 Uhr<br \/><br \/>Kontaktieren Sie uns dazu einfach unter:<br \/>Telephone <a href=\"tel:+4933560665573\">+49 335 6066 5573<\/a><br \/><br \/>or send us an email to:<br \/><a href=\"mailto:reservierung@kroco-holzmarkt.de\">reservierung@kroco-holzmarkt.de<\/a><br \/><br \/>Web: <a href=\"https:\/\/kroco-holzmarkt.de\" target=\"_blank\" rel=\"noopener\">kroco-holzmarkt.de<\/a><\/div>\r\n<div>\u00a0<\/div>\r\n<\/div>\r\n<\/div>","protected":false},"excerpt":{"rendered":"<p>&nbsp; &nbsp; \u00a0 Restaurant mit tollem Ambiente und regionalen Speisen in Frankfurt-Oder Wer sich auf eine spannende Entdeckungsreise der historischen Stadt Frankfurt-Oder begeben m\u00f6chte, sollte auch ein Hotel in Frankfurt-Oder mit historischen Charakter und ruhiger Lage buchen. Eine Unterkunft im Hotel &amp; Restaurant Zur Alten Oder Frankfurt bietet neben der zentralen Lage mehrere Vorteile. Das [&hellip;]<\/p>","protected":false},"author":1,"featured_media":0,"parent":0,"menu_order":0,"comment_status":"open","ping_status":"closed","template":"homepage.php","meta":{"footnotes":""},"class_list":["post-92","page","type-page","status-publish"],"_links":{"self":[{"href":"https:\/\/zuraltenoder.de\/en\/wp-json\/wp\/v2\/pages\/92","targetHints":{"allow":["GET"]}}],"collection":[{"href":"https:\/\/zuraltenoder.de\/en\/wp-json\/wp\/v2\/pages"}],"about":[{"href":"https:\/\/zuraltenoder.de\/en\/wp-json\/wp\/v2\/types\/page"}],"author":[{"embeddable":true,"href":"https:\/\/zuraltenoder.de\/en\/wp-json\/wp\/v2\/users\/1"}],"replies":[{"embeddable":true,"href":"https:\/\/zuraltenoder.de\/en\/wp-json\/wp\/v2\/comments?post=92"}],"version-history":[{"count":11,"href":"https:\/\/zuraltenoder.de\/en\/wp-json\/wp\/v2\/pages\/92\/revisions"}],"predecessor-version":[{"id":3345,"href":"https:\/\/zuraltenoder.de\/en\/wp-json\/wp\/v2\/pages\/92\/revisions\/3345"}],"wp:attachment":[{"href":"https:\/\/zuraltenoder.de\/en\/wp-json\/wp\/v2\/media?parent=92"}],"curies":[{"name":"wp","href":"https:\/\/api.w.org\/{rel}","templated":true}]}}