{"id":94,"date":"2015-06-09T11:34:51","date_gmt":"2015-06-09T11:34:51","guid":{"rendered":"http:\/\/zuraltenoder.de\/\/?page_id=94"},"modified":"2025-05-15T19:15:52","modified_gmt":"2025-05-15T17:15:52","slug":"events-tagungen","status":"publish","type":"page","link":"https:\/\/zuraltenoder.de\/en\/events-tagungen\/","title":{"rendered":"Events &amp; Meetings"},"content":{"rendered":"<div class=\"sec1\">\n<div class=\"res_right\" style=\"margin-top: 3px;\">\n<ul>\n<li><a class=\"cm_anchor\" href=\"https:\/\/zuraltenoder.de\/en\/kontakt-hotel-zur-alten-oder-frankfurt\/\">Conference flat rates<\/a><\/li>\n<li>Catering Offers<\/li>\n<\/ul>\n<\/div>\n<\/div>\n<div class=\"sec2\">\n<h2 style=\"text-align: center;\">R\u00e4umlichkeiten f\u00fcr Tagungen und Veranstaltungen im 3-Sterne-Hotel &amp; Restaurant Zur Alten Oder Frankfurt<\/h2>\n<div style=\"text-align: center;\">\n<p>The right choice of location for your conference or celebration in Frankfurt-Oder should be certain, because it essentially determines the success.<br \/>\nIf you are looking for a place away from any stress of everyday life, you have come to the right place.<\/p>\n<p>Our <a href=\"https:\/\/zuraltenoder.de\/en\/\">Hotel<\/a> &amp; Restaurant Zur Alten Oder Frankfurt liegt in ruhiger <a href=\"https:\/\/zuraltenoder.de\/en\/kontakt\/anfahrt\/\">location,<\/a>near the city center. As our name suggests, the historic building is only a few minutes' walk from the river and the former branch of the Oder.<\/p>\n<p>We offer you 3 rooms for a number of 10-60 people. The latest standard technology such as pinboard, screen, flipchart and beamer is available for your conference.<\/p>\n<p>While you are working on the next success with your team or business partners, our kitchen team is already preparing to spoil you with culinary delights.<\/p>\n<p>Feiern Sie Ihren Geburtstag, Ihren Hochzeitstag, Ihre Familienfeier oder Ihr Firmenjubil\u00e4um im <a href=\"http:\/\/zuraltenoder.de\/en\/hotel-frankfurt-oder\/\">Hotel<\/a> &amp; <a href=\"https:\/\/zuraltenoder.de\/en\/restaurant\/\">Restaurant<\/a> Zur Alten Oder Frankfurt und profitieren Sie von den umfangreichen Erfahrungswerten des Hauses. Bei uns finden Sie Ihren richtigen Veranstaltungsraum bzw. Partyraum f\u00fcr jeden Anlass.<\/p>\n<p>We prepare delicious delicacies for you. From a light fitness menu to a small or large buffet, we cater to the wishes of our guests. We only process high-quality and fresh products so that our guests can experience full enjoyment.<br \/>\nThe staff will be happy to advise you at any time on events and give useful tips for leisure activities.<br \/>\nWe would be delighted to have you as our guest for your conference or celebration.<\/p>\n<p>Simply contact us at:<br \/>\nTel.-Nr.: 0335 556220<br \/>\nor send us an email to:<br \/>\n<a href=\"mailto:info@zuraltenoder.de\">info@zuraltenoder.de<\/a><\/p>\n<p>Ihr Team vom Hotel &amp; Restaurant Zur Alten Oder Frankfurt<\/p>\n<\/div>\n<\/div>","protected":false},"excerpt":{"rendered":"<p>Tagungspauschalen Cateringangebote R\u00e4umlichkeiten f\u00fcr Tagungen und Veranstaltungen im 3-Sterne-Hotel &amp; Restaurant Zur Alten Oder Frankfurt Die richtige Wahl des Ortes f\u00fcr Ihre Tagung oder Feierlichkeit in Frankfurt-Oder sollte wohl bestimmt sein, denn sie bestimmt den Erfolg im Wesentlichen mit. Wenn Sie einen Ort suchen, fern von jeglichem Stress des Alltages, sind Sie bei uns genau [&hellip;]<\/p>","protected":false},"author":1,"featured_media":0,"parent":0,"menu_order":0,"comment_status":"open","ping_status":"open","template":"homepage.php","meta":{"footnotes":""},"class_list":["post-94","page","type-page","status-publish"],"_links":{"self":[{"href":"https:\/\/zuraltenoder.de\/en\/wp-json\/wp\/v2\/pages\/94","targetHints":{"allow":["GET"]}}],"collection":[{"href":"https:\/\/zuraltenoder.de\/en\/wp-json\/wp\/v2\/pages"}],"about":[{"href":"https:\/\/zuraltenoder.de\/en\/wp-json\/wp\/v2\/types\/page"}],"author":[{"embeddable":true,"href":"https:\/\/zuraltenoder.de\/en\/wp-json\/wp\/v2\/users\/1"}],"replies":[{"embeddable":true,"href":"https:\/\/zuraltenoder.de\/en\/wp-json\/wp\/v2\/comments?post=94"}],"version-history":[{"count":8,"href":"https:\/\/zuraltenoder.de\/en\/wp-json\/wp\/v2\/pages\/94\/revisions"}],"predecessor-version":[{"id":3265,"href":"https:\/\/zuraltenoder.de\/en\/wp-json\/wp\/v2\/pages\/94\/revisions\/3265"}],"wp:attachment":[{"href":"https:\/\/zuraltenoder.de\/en\/wp-json\/wp\/v2\/media?parent=94"}],"curies":[{"name":"wp","href":"https:\/\/api.w.org\/{rel}","templated":true}]}}